{"id":257,"date":"2018-09-16T11:23:57","date_gmt":"2018-09-16T09:23:57","guid":{"rendered":"http:\/\/dev.merca.zix.se\/?page_id=257"},"modified":"2021-05-31T22:34:00","modified_gmt":"2021-05-31T20:34:00","slug":"om","status":"publish","type":"page","link":"https:\/\/merca.zix.se\/index.php\/om\/","title":{"rendered":"Om"},"content":{"rendered":"<div id=\"themify_builder_content-257\" data-postid=\"257\" class=\"themify_builder_content themify_builder_content-257 themify_builder\">\n\n    \t\t\t\t<!-- module_row -->\n\t\t<div  class=\"themify_builder_row module_row clearfix module_row_1 themify_builder_257_row module_row_257-1\">\n\t\t\t\t\t\t<div class=\"row_inner col_align_top\" >\n                            \n\t\t<div  class=\"module_column tb-column col-full first tb_257_column module_column_0 module_column_257-1-0\" >\n                                                                <div class=\"tb-column-inner\">\n                            \n\n    <!-- module box -->\n    <div  id=\"box-257-1-0-0\" class=\"module module-box box-257-1-0-0  \">\n        <!--insert-->\n                <div class=\"module-box-content ui   repeat\">\n                <p>Ja&#8230; jag har m\u00e5nga g\u00e5nger undrat varf\u00f6r jag egentligen h\u00e5ller p\u00e5 med detta. Ett genomrostigt vrak som s\u00e4ljaren p\u00e5b\u00f6rjat renovering och rostlagning av men givit upp redan efter f\u00f6rsta pl\u00e5tbiten. Han upplyser mig dessutom redan innan k\u00f6pet att det saknas diverse delar, bl.a. inredning, kof\u00e5ngare, flera motordelar som f\u00f6rgasare, generator m.m. \u00c4nd\u00e5 sl\u00e5r jag till, full av entusiasm, och t\u00e4nker att &#8221;det l\u00f6ser sig nog under resans g\u00e5ng&#8221;. Men trots den inledande entusiasmen har det i perioder k\u00e4nts motigt, det f\u00e5r jag erk\u00e4nna. Speciellt den g\u00e5ngen d\u00e5 karossen skulle k\u00f6ras hem fr\u00e5n bl\u00e4stringsfirman och jag f\u00f6r f\u00f6rsta g\u00e5ngen fick se vad lite metall det faktiskt var kvar av karossen n\u00e4r all rost hade tagits bort. Eller, d\u00e5 i stort sett ingen av tr\u00e4bitarna till karossen som jag noggrant s\u00e5gat till under m\u00e5nga timmars arbete, passade speciellt bra&#8230;<\/p><p>Men nu, m\u00e5nga \u00e5r senare, efter hundratalet nerlagda timmar (jag har inte v\u00e5gat r\u00e4kna hur m\u00e5nga) av demontering, bl\u00e4string, r\u00f6rdragning, tillverkning av diverse specialverktyg samt snickeri i form av bands\u00e5gning, hyvling, fr\u00e4sning, slipning och diverse metallarbete s\u00e5som svetsning, pl\u00e5tslagning, svarvning, borrning, tennspackling, polering samt\u00a0ytbehandling i form av m\u00e5lning, pulverlackering, f\u00f6rnickling, f\u00f6rzinkning med mera, \u00e4r jag \u00e4nd\u00e5 v\u00e4ldigt glad att jag slog till och k\u00f6pte det d\u00e4r vraket nere p\u00e5 v\u00e4stkusten sommaren 2008. Det har varit en enorm utmaning att ro detta projekt iland, men samtidigt, fantastiskt roligt och l\u00e4rorikt att f\u00e5 l\u00e4ra sig alla dessa olika renoveringsmetoder och p\u00e5 k\u00f6pet f\u00e5 l\u00e4ra k\u00e4nna andra duktiga och h\u00e4ngivna m\u00e4nniskor som h\u00e5ller p\u00e5 med liknade projekt. Och \u00e4nnu \u00e4r jag inte klar, det \u00e5terst\u00e5r fortfarande m\u00e5nga roliga och l\u00e4rorika timmar innan den kan rulla ut fr\u00e5n verkstaden f\u00f6r egen maskin.<\/p><p>\/ Johan<\/p><figure id=\"attachment_71\" aria-describedby=\"caption-attachment-71\" style=\"width: 600px\" class=\"wp-caption alignleft\"><a href=\"http:\/\/merca.zix.se\/wp-content\/uploads\/2018\/09\/Sindelfingen1s.jpg\"><img loading=\"lazy\" decoding=\"async\" class=\"size-full wp-image-71\" src=\"http:\/\/merca.zix.se\/wp-content\/uploads\/2018\/09\/Sindelfingen1s.jpg\" alt=\"\" width=\"600\" height=\"419\" srcset=\"https:\/\/merca.zix.se\/wp-content\/uploads\/2018\/09\/Sindelfingen1s.jpg 600w, https:\/\/merca.zix.se\/wp-content\/uploads\/2018\/09\/Sindelfingen1s-300x210.jpg 300w\" sizes=\"auto, (max-width: 600px) 100vw, 600px\" \/><\/a><figcaption id=\"caption-attachment-71\" class=\"wp-caption-text\"><em>Bild fr\u00e5n f\u00f6re kriget fr\u00e5n Mercedes-Benz fabrik i Sindelfingen d\u00e4r massor av duktiga hantverkare arbetar med att f\u00e4rdigst\u00e4lla bilar av model 170 V.\u00a0 Foto: Daimler arkiv<\/em><\/figcaption><\/figure>        <\/div>\n    <\/div>\n    <!-- \/module box -->\n\n                        <\/div>\n                    \t\t<\/div>\n\t\t                                <\/div>\n                                <!-- \/row_inner -->\n                        <\/div>\n                        <!-- \/module_row -->\n\t\t<\/div>\n","protected":false},"excerpt":{"rendered":"<p>Ja&#8230; jag har m\u00e5nga g\u00e5nger undrat varf\u00f6r jag egentligen h\u00e5ller p\u00e5 med detta. Ett genomrostigt vrak som s\u00e4ljaren p\u00e5b\u00f6rjat renovering och rostlagning av men givit upp redan efter f\u00f6rsta pl\u00e5tbiten. Han upplyser mig dessutom redan innan k\u00f6pet att det saknas diverse delar, bl.a. inredning, kof\u00e5ngare, flera motordelar som f\u00f6rgasare, generator m.m. \u00c4nd\u00e5 sl\u00e5r jag till, [&hellip;]<\/p>\n","protected":false},"author":1,"featured_media":0,"parent":0,"menu_order":0,"comment_status":"closed","ping_status":"closed","template":"","meta":{"_monsterinsights_skip_tracking":false,"_monsterinsights_sitenote_active":false,"_monsterinsights_sitenote_note":"","_monsterinsights_sitenote_category":0,"footnotes":""},"class_list":["post-257","page","type-page","status-publish","hentry","has-post-title","has-post-date","has-post-category","has-post-tag","has-post-comment","has-post-author",""],"_links":{"self":[{"href":"https:\/\/merca.zix.se\/index.php\/wp-json\/wp\/v2\/pages\/257","targetHints":{"allow":["GET"]}}],"collection":[{"href":"https:\/\/merca.zix.se\/index.php\/wp-json\/wp\/v2\/pages"}],"about":[{"href":"https:\/\/merca.zix.se\/index.php\/wp-json\/wp\/v2\/types\/page"}],"author":[{"embeddable":true,"href":"https:\/\/merca.zix.se\/index.php\/wp-json\/wp\/v2\/users\/1"}],"replies":[{"embeddable":true,"href":"https:\/\/merca.zix.se\/index.php\/wp-json\/wp\/v2\/comments?post=257"}],"version-history":[{"count":21,"href":"https:\/\/merca.zix.se\/index.php\/wp-json\/wp\/v2\/pages\/257\/revisions"}],"predecessor-version":[{"id":1355,"href":"https:\/\/merca.zix.se\/index.php\/wp-json\/wp\/v2\/pages\/257\/revisions\/1355"}],"wp:attachment":[{"href":"https:\/\/merca.zix.se\/index.php\/wp-json\/wp\/v2\/media?parent=257"}],"curies":[{"name":"wp","href":"https:\/\/api.w.org\/{rel}","templated":true}]}}